{"id":308,"date":"2024-03-17T15:59:01","date_gmt":"2024-03-17T18:59:01","guid":{"rendered":"https:\/\/www.luziania.go.gov.br\/quemamacastra\/?page_id=308"},"modified":"2024-03-19T10:02:57","modified_gmt":"2024-03-19T13:02:57","slug":"reset","status":"publish","type":"page","link":"https:\/\/www.luziania.go.gov.br\/quemamacastra\/reset\/","title":{"rendered":"reset"},"content":{"rendered":"\t\t<div data-elementor-type=\"wp-page\" data-elementor-id=\"308\" class=\"elementor elementor-308\" data-elementor-settings=\"{&quot;ha_cmc_init_switcher&quot;:&quot;no&quot;}\" data-elementor-post-type=\"page\">\n\t\t\t\t<div class=\"elementor-element elementor-element-14a0d1f e-flex e-con-boxed e-con e-parent\" data-id=\"14a0d1f\" data-element_type=\"container\" data-e-type=\"container\" data-settings=\"{&quot;jet_parallax_layout_list&quot;:[],&quot;_ha_eqh_enable&quot;:false}\">\n\t\t\t\t\t<div class=\"e-con-inner\">\n\t\t<div class=\"elementor-element elementor-element-0889118 e-con-full jedv-enabled--yes e-flex e-con e-child\" data-id=\"0889118\" data-element_type=\"container\" data-e-type=\"container\" data-settings=\"{&quot;jet_parallax_layout_list&quot;:[],&quot;_ha_eqh_enable&quot;:false}\">\n\t\t\t\t<\/div>\n\t\t<div class=\"elementor-element elementor-element-3e20513 e-con-full e-flex e-con e-child\" data-id=\"3e20513\" data-element_type=\"container\" data-e-type=\"container\" data-settings=\"{&quot;jet_parallax_layout_list&quot;:[],&quot;_ha_eqh_enable&quot;:false}\">\n\t\t\t\t<div class=\"elementor-element elementor-element-0ae3f36 elementor-widget elementor-widget-heading\" data-id=\"0ae3f36\" data-element_type=\"widget\" data-e-type=\"widget\" data-widget_type=\"heading.default\">\n\t\t\t\t<div class=\"elementor-widget-container\">\n\t\t\t\t\t<h2 class=\"elementor-heading-title elementor-size-default\">Reiniciar sua senha<\/h2>\t\t\t\t<\/div>\n\t\t\t\t<\/div>\n\t\t\t\t<div class=\"elementor-element elementor-element-10d610a elementor-widget elementor-widget-jet-reset\" data-id=\"10d610a\" data-element_type=\"widget\" data-e-type=\"widget\" data-widget_type=\"jet-reset.default\">\n\t\t\t\t<div class=\"elementor-widget-container\">\n\t\t\t\t\t\n<div class=\"jet-reset\">\n\n\t\n\t\n\t<form id=\"lostpasswordform\" class=\"jet-reset__form\" name=\"lostpasswordform\" method=\"post\">\n\n\t\t\n\t\t\n\t\t\t<div class=\"jet-reset__form-text\">\n\t\t\t\t<p>Por favor, insira seu endere\u00e7o de e-mail. Voc\u00ea receber\u00e1 um link para criar uma nova senha por e-mail.<\/p>\n\t\t\t<\/div>\n\n\t\t\n\t\t<p class=\"jet_reset__user-info\">\n\n\t\t\t<label for=\"jet_reset_user_info\">E-mail<\/label>\n\t\t\t<input class=\"input\" type=\"text\" name=\"jet_reset_user_info\" id=\"jet_reset_user_info\">\n\n\t\t<\/p>\n\n\t\t<div class=\"jet-reset__submit\">\n\n\t\t\t<input type=\"hidden\" id=\"jet_reset_nonce\" name=\"jet_reset_nonce\" value=\"4914004011\" \/><input type=\"hidden\" name=\"_wp_http_referer\" value=\"\/quemamacastra\/wp-json\/wp\/v2\/pages\/308\" \/>\t\t\t<input type=\"hidden\" name=\"submitted\" id=\"submitted\" value=\"true\">\n\t\t\t<input type=\"hidden\" name=\"jet_reset_action\" id=\"jet_reset_post_action\" value=\"jet_reset_lost_pass\">\n\t\t\t<button type=\"submit\" id=\"jet-reset-pass-submit\" name=\"jet-reset-pass-submit\" class=\"button button-primary jet-reset__button \">Resetar a senha<\/button>\n\n\t\t<\/div>\n\n\t<\/form>\n\n\t\n<\/div>\t\t\t\t<\/div>\n\t\t\t\t<\/div>\n\t\t\t\t<\/div>\n\t\t<div class=\"elementor-element elementor-element-b997255 e-con-full e-flex e-con e-child\" data-id=\"b997255\" data-element_type=\"container\" data-e-type=\"container\" data-settings=\"{&quot;jet_parallax_layout_list&quot;:[],&quot;_ha_eqh_enable&quot;:false}\">\n\t\t\t\t<\/div>\n\t\t\t\t\t<\/div>\n\t\t\t\t<\/div>\n\t\t\t\t<\/div>\n\t\t","protected":false},"excerpt":{"rendered":"<p>Reiniciar sua senha Por favor, insira seu endere\u00e7o de e-mail. Voc\u00ea receber\u00e1 um link para criar uma nova senha por e-mail. E-mail Resetar a senha<\/p>\n","protected":false},"author":1,"featured_media":0,"parent":0,"menu_order":0,"comment_status":"closed","ping_status":"closed","template":"","meta":{"_jf_save_progress":"","_jf_limit_responses":"","_jet_sm_ready_style":"","_jet_sm_style":"","_jet_sm_controls_values":"","_jet_sm_fonts_collection":"","_jet_sm_fonts_links":"","footnotes":""},"class_list":["post-308","page","type-page","status-publish","hentry"],"yoast_head":"<!-- This site is optimized with the Yoast SEO plugin v25.8 - https:\/\/yoast.com\/wordpress\/plugins\/seo\/ -->\n<title>reset - Quem ama castra<\/title>\n<meta name=\"robots\" content=\"noindex, follow, max-snippet:-1, max-image-preview:large, max-video-preview:-1\" \/>\n<meta property=\"og:locale\" content=\"pt_BR\" \/>\n<meta property=\"og:type\" content=\"article\" \/>\n<meta property=\"og:title\" content=\"reset - Quem ama castra\" \/>\n<meta property=\"og:description\" content=\"Reiniciar sua senha Por favor, insira seu endere\u00e7o de e-mail. Voc\u00ea receber\u00e1 um link para criar uma nova senha por e-mail. E-mail Resetar a senha\" \/>\n<meta property=\"og:url\" content=\"https:\/\/www.luziania.go.gov.br\/quemamacastra\/reset\/\" \/>\n<meta property=\"og:site_name\" content=\"Quem ama castra\" \/>\n<meta property=\"article:modified_time\" content=\"2024-03-19T13:02:57+00:00\" \/>\n<meta name=\"twitter:card\" content=\"summary_large_image\" \/>\n<script type=\"application\/ld+json\" class=\"yoast-schema-graph\">{\"@context\":\"https:\/\/schema.org\",\"@graph\":[{\"@type\":\"WebPage\",\"@id\":\"https:\/\/www.luziania.go.gov.br\/quemamacastra\/reset\/\",\"url\":\"https:\/\/www.luziania.go.gov.br\/quemamacastra\/reset\/\",\"name\":\"reset - Quem ama castra\",\"isPartOf\":{\"@id\":\"https:\/\/www.luziania.go.gov.br\/quemamacastra\/#website\"},\"datePublished\":\"2024-03-17T18:59:01+00:00\",\"dateModified\":\"2024-03-19T13:02:57+00:00\",\"breadcrumb\":{\"@id\":\"https:\/\/www.luziania.go.gov.br\/quemamacastra\/reset\/#breadcrumb\"},\"inLanguage\":\"pt-BR\",\"potentialAction\":[{\"@type\":\"ReadAction\",\"target\":[\"https:\/\/www.luziania.go.gov.br\/quemamacastra\/reset\/\"]}]},{\"@type\":\"BreadcrumbList\",\"@id\":\"https:\/\/www.luziania.go.gov.br\/quemamacastra\/reset\/#breadcrumb\",\"itemListElement\":[{\"@type\":\"ListItem\",\"position\":1,\"name\":\"Home\",\"item\":\"https:\/\/www.luziania.go.gov.br\/quemamacastra\/\"},{\"@type\":\"ListItem\",\"position\":2,\"name\":\"reset\"}]},{\"@type\":\"WebSite\",\"@id\":\"https:\/\/www.luziania.go.gov.br\/quemamacastra\/#website\",\"url\":\"https:\/\/www.luziania.go.gov.br\/quemamacastra\/\",\"name\":\"Quem ama castra\",\"description\":\"Programa Municipal de Castra\u00e7\u00e3o de C\u00e3es e Gatos\",\"publisher\":{\"@id\":\"https:\/\/www.luziania.go.gov.br\/quemamacastra\/#organization\"},\"potentialAction\":[{\"@type\":\"SearchAction\",\"target\":{\"@type\":\"EntryPoint\",\"urlTemplate\":\"https:\/\/www.luziania.go.gov.br\/quemamacastra\/?s={search_term_string}\"},\"query-input\":{\"@type\":\"PropertyValueSpecification\",\"valueRequired\":true,\"valueName\":\"search_term_string\"}}],\"inLanguage\":\"pt-BR\"},{\"@type\":\"Organization\",\"@id\":\"https:\/\/www.luziania.go.gov.br\/quemamacastra\/#organization\",\"name\":\"Quem ama castra\",\"url\":\"https:\/\/www.luziania.go.gov.br\/quemamacastra\/\",\"logo\":{\"@type\":\"ImageObject\",\"inLanguage\":\"pt-BR\",\"@id\":\"https:\/\/www.luziania.go.gov.br\/quemamacastra\/#\/schema\/logo\/image\/\",\"url\":\"https:\/\/www.luziania.go.gov.br\/quemamacastra\/wp-content\/uploads\/2024\/03\/cropped-LOGO_Quem_Ama_Site.png\",\"contentUrl\":\"https:\/\/www.luziania.go.gov.br\/quemamacastra\/wp-content\/uploads\/2024\/03\/cropped-LOGO_Quem_Ama_Site.png\",\"width\":352,\"height\":273,\"caption\":\"Quem ama castra\"},\"image\":{\"@id\":\"https:\/\/www.luziania.go.gov.br\/quemamacastra\/#\/schema\/logo\/image\/\"}}]}<\/script>\n<!-- \/ Yoast SEO plugin. -->","yoast_head_json":{"title":"reset - Quem ama castra","robots":{"index":"noindex","follow":"follow","max-snippet":"max-snippet:-1","max-image-preview":"max-image-preview:large","max-video-preview":"max-video-preview:-1"},"og_locale":"pt_BR","og_type":"article","og_title":"reset - Quem ama castra","og_description":"Reiniciar sua senha Por favor, insira seu endere\u00e7o de e-mail. Voc\u00ea receber\u00e1 um link para criar uma nova senha por e-mail. E-mail Resetar a senha","og_url":"https:\/\/www.luziania.go.gov.br\/quemamacastra\/reset\/","og_site_name":"Quem ama castra","article_modified_time":"2024-03-19T13:02:57+00:00","twitter_card":"summary_large_image","schema":{"@context":"https:\/\/schema.org","@graph":[{"@type":"WebPage","@id":"https:\/\/www.luziania.go.gov.br\/quemamacastra\/reset\/","url":"https:\/\/www.luziania.go.gov.br\/quemamacastra\/reset\/","name":"reset - Quem ama castra","isPartOf":{"@id":"https:\/\/www.luziania.go.gov.br\/quemamacastra\/#website"},"datePublished":"2024-03-17T18:59:01+00:00","dateModified":"2024-03-19T13:02:57+00:00","breadcrumb":{"@id":"https:\/\/www.luziania.go.gov.br\/quemamacastra\/reset\/#breadcrumb"},"inLanguage":"pt-BR","potentialAction":[{"@type":"ReadAction","target":["https:\/\/www.luziania.go.gov.br\/quemamacastra\/reset\/"]}]},{"@type":"BreadcrumbList","@id":"https:\/\/www.luziania.go.gov.br\/quemamacastra\/reset\/#breadcrumb","itemListElement":[{"@type":"ListItem","position":1,"name":"Home","item":"https:\/\/www.luziania.go.gov.br\/quemamacastra\/"},{"@type":"ListItem","position":2,"name":"reset"}]},{"@type":"WebSite","@id":"https:\/\/www.luziania.go.gov.br\/quemamacastra\/#website","url":"https:\/\/www.luziania.go.gov.br\/quemamacastra\/","name":"Quem ama castra","description":"Programa Municipal de Castra\u00e7\u00e3o de C\u00e3es e Gatos","publisher":{"@id":"https:\/\/www.luziania.go.gov.br\/quemamacastra\/#organization"},"potentialAction":[{"@type":"SearchAction","target":{"@type":"EntryPoint","urlTemplate":"https:\/\/www.luziania.go.gov.br\/quemamacastra\/?s={search_term_string}"},"query-input":{"@type":"PropertyValueSpecification","valueRequired":true,"valueName":"search_term_string"}}],"inLanguage":"pt-BR"},{"@type":"Organization","@id":"https:\/\/www.luziania.go.gov.br\/quemamacastra\/#organization","name":"Quem ama castra","url":"https:\/\/www.luziania.go.gov.br\/quemamacastra\/","logo":{"@type":"ImageObject","inLanguage":"pt-BR","@id":"https:\/\/www.luziania.go.gov.br\/quemamacastra\/#\/schema\/logo\/image\/","url":"https:\/\/www.luziania.go.gov.br\/quemamacastra\/wp-content\/uploads\/2024\/03\/cropped-LOGO_Quem_Ama_Site.png","contentUrl":"https:\/\/www.luziania.go.gov.br\/quemamacastra\/wp-content\/uploads\/2024\/03\/cropped-LOGO_Quem_Ama_Site.png","width":352,"height":273,"caption":"Quem ama castra"},"image":{"@id":"https:\/\/www.luziania.go.gov.br\/quemamacastra\/#\/schema\/logo\/image\/"}}]}},"_links":{"self":[{"href":"https:\/\/www.luziania.go.gov.br\/quemamacastra\/wp-json\/wp\/v2\/pages\/308","targetHints":{"allow":["GET"]}}],"collection":[{"href":"https:\/\/www.luziania.go.gov.br\/quemamacastra\/wp-json\/wp\/v2\/pages"}],"about":[{"href":"https:\/\/www.luziania.go.gov.br\/quemamacastra\/wp-json\/wp\/v2\/types\/page"}],"author":[{"embeddable":true,"href":"https:\/\/www.luziania.go.gov.br\/quemamacastra\/wp-json\/wp\/v2\/users\/1"}],"replies":[{"embeddable":true,"href":"https:\/\/www.luziania.go.gov.br\/quemamacastra\/wp-json\/wp\/v2\/comments?post=308"}],"version-history":[{"count":0,"href":"https:\/\/www.luziania.go.gov.br\/quemamacastra\/wp-json\/wp\/v2\/pages\/308\/revisions"}],"wp:attachment":[{"href":"https:\/\/www.luziania.go.gov.br\/quemamacastra\/wp-json\/wp\/v2\/media?parent=308"}],"curies":[{"name":"wp","href":"https:\/\/api.w.org\/{rel}","templated":true}]}}