{"id":273,"date":"2024-03-17T15:19:40","date_gmt":"2024-03-17T18:19:40","guid":{"rendered":"https:\/\/www.luziania.go.gov.br\/quemamacastra\/?page_id=273"},"modified":"2024-03-19T14:58:44","modified_gmt":"2024-03-19T17:58:44","slug":"registro","status":"publish","type":"page","link":"https:\/\/www.luziania.go.gov.br\/quemamacastra\/registro\/","title":{"rendered":"registro"},"content":{"rendered":"\t\t<div data-elementor-type=\"wp-page\" data-elementor-id=\"273\" class=\"elementor elementor-273\" data-elementor-settings=\"{&quot;ha_cmc_init_switcher&quot;:&quot;no&quot;}\" data-elementor-post-type=\"page\">\n\t\t\t\t<div class=\"elementor-element elementor-element-14a0d1f e-flex e-con-boxed e-con e-parent\" data-id=\"14a0d1f\" data-element_type=\"container\" data-e-type=\"container\" data-settings=\"{&quot;jet_parallax_layout_list&quot;:[],&quot;_ha_eqh_enable&quot;:false}\">\n\t\t\t\t\t<div class=\"e-con-inner\">\n\t\t<div class=\"elementor-element elementor-element-0889118 e-con-full jedv-enabled--yes e-flex e-con e-child\" data-id=\"0889118\" data-element_type=\"container\" data-e-type=\"container\" data-settings=\"{&quot;jet_parallax_layout_list&quot;:[],&quot;_ha_eqh_enable&quot;:false}\">\n\t\t\t\t<\/div>\n\t\t<div class=\"elementor-element elementor-element-3e20513 e-con-full e-flex e-con e-child\" data-id=\"3e20513\" data-element_type=\"container\" data-e-type=\"container\" data-settings=\"{&quot;jet_parallax_layout_list&quot;:[],&quot;_ha_eqh_enable&quot;:false}\">\n\t\t\t\t<div class=\"elementor-element elementor-element-0ae3f36 elementor-widget elementor-widget-heading\" data-id=\"0ae3f36\" data-element_type=\"widget\" data-e-type=\"widget\" data-widget_type=\"heading.default\">\n\t\t\t\t<div class=\"elementor-widget-container\">\n\t\t\t\t\t<h2 class=\"elementor-heading-title elementor-size-default\">Cadastro na plataforma<\/h2>\t\t\t\t<\/div>\n\t\t\t\t<\/div>\n\t\t\t\t<div class=\"elementor-element elementor-element-057eb65 elementor-widget elementor-widget-jet-register\" data-id=\"057eb65\" data-element_type=\"widget\" data-e-type=\"widget\" data-widget_type=\"jet-register.default\">\n\t\t\t\t<div class=\"elementor-widget-container\">\n\t\t\t\t\t<div class=\"elementor-jet-register jet-blocks\"><form method=\"post\" class=\"jet-register\">\n\n\t<p class=\"jet-register__row\">\n\t\t<label class=\"jet-register__label\" for=\"jet_username\">Username<\/label>\n\t\t<input type=\"text\" class=\"jet-register__input\" name=\"username\" id=\"jet_username\" value=\"\" placeholder=\"Username\"\/>\n\t<\/p>\n\n\t<p class=\"jet-register__row\">\n\t\t<label  class=\"jet-register__label\"  for=\"jet_email\">Email<\/label>\n\t\t<input type=\"email\" class=\"jet-register__input\" name=\"email\" id=\"jet_email\" value=\"\" placeholder=\"Qual \u00e9 o seu e-mail?\"\/>\n\t<\/p>\n\n\t<p class=\"jet-register__row\">\n\t\t<label  class=\"jet-register__label\" for=\"jet_password\">Senha<\/label>\n\t\t<span class=\"jet-register__wrapper\">\n\t\t\t<input type=\"password\" class=\"jet-register__input \" name=\"password\" id=\"jet_password\" placeholder=\"Qual \u00e9 a senha?\"\/>\n\n\t\t\t<svg xmlns=\"http:\/\/www.w3.org\/2000\/svg\" aria-hidden=\"true\" class=\"e-font-icon-svg e-far-eye password-visibility__icon password-visibility__icon--show show\" viewBox=\"0 0 576 512\">\n\t\t\t\t<path d=\"M288 144a110.94 110.94 0 0 0-31.24 5 55.4 55.4 0 0 1 7.24 27 56 56 0 0 1-56 56 55.4 55.4 0 0 1-27-7.24A111.71 111.71 0 1 0 288 144zm284.52 97.4C518.29 135.59 410.93 64 288 64S57.68 135.64 3.48 241.41a32.35 32.35 0 0 0 0 29.19C57.71 376.41 165.07 448 288 448s230.32-71.64 284.52-177.41a32.35 32.35 0 0 0 0-29.19zM288 400c-98.65 0-189.09-55-237.93-144C98.91 167 189.34 112 288 112s189.09 55 237.93 144C477.1 345 386.66 400 288 400z\"><\/path>\n\t\t\t<\/svg>\n\t\t\t<svg xmlns=\"http:\/\/www.w3.org\/2000\/svg\" aria-hidden=\"true\" class=\"e-font-icon-svg e-far-eye-slash password-visibility__icon password-visibility__icon--hide\" viewBox=\"0 0 640 512\">\n\t\t\t\t<path d=\"M634 471L36 3.51A16 16 0 0 0 13.51 6l-10 12.49A16 16 0 0 0 6 41l598 467.49a16 16 0 0 0 22.49-2.49l10-12.49A16 16 0 0 0 634 471zM296.79 146.47l134.79 105.38C429.36 191.91 380.48 144 320 144a112.26 112.26 0 0 0-23.21 2.47zm46.42 219.07L208.42 260.16C210.65 320.09 259.53 368 320 368a113 113 0 0 0 23.21-2.46zM320 112c98.65 0 189.09 55 237.93 144a285.53 285.53 0 0 1-44 60.2l37.74 29.5a333.7 333.7 0 0 0 52.9-75.11 32.35 32.35 0 0 0 0-29.19C550.29 135.59 442.93 64 320 64c-36.7 0-71.71 7-104.63 18.81l46.41 36.29c18.94-4.3 38.34-7.1 58.22-7.1zm0 288c-98.65 0-189.08-55-237.93-144a285.47 285.47 0 0 1 44.05-60.19l-37.74-29.5a333.6 333.6 0 0 0-52.89 75.1 32.35 32.35 0 0 0 0 29.19C89.72 376.41 197.08 448 320 448c36.7 0 71.71-7.05 104.63-18.81l-46.41-36.28C359.28 397.2 339.89 400 320 400z\"><\/path>\n\t\t\t<\/svg>\n\n\t\t<\/span>\n\t<\/p>\n\n\t\n\t\t<p class=\"jet-register__row\">\n\t\t\t<label  class=\"jet-register__label\" for=\"jet_password_confirm\">Confirme a Senha<\/label>\n\t\t\t<input type=\"password\" class=\"jet-register__input\" name=\"password-confirm\" id=\"jet_password_confirm\" placeholder=\"Confirma\u00e7\u00e3o da senha\"\/>\n\t\t\t<input type=\"hidden\" name=\"jet_confirm_password\" value=\"true\">\t\t<\/p>\n\n\t\n\t\n\t\n\t<div class=\"jet-register__row jet-privacy-policy\">\n\t\t<input type=\"checkbox\" value=\"jet_privacy_policy_checkbox\" class=\"jet-register__input\" name=\"privacy-policy\" id=\"jet_privacy_policy\" required=\"required\" \/>\n\t\t<label class=\"jet-register__label\" for=\"jet_privacy_policy\">Concordo com os termos e condi\u00e7\u00f5es e\n<a href=\"politica-de-privacidade\">Pol\u00edtica de Privacidade<\/a><\/label>\n\t<\/div>\n\n\t\n\t\n\t<p class=\"jet-register__row jet-register-submit\">\n\t\t<input type=\"hidden\" id=\"jet-register-nonce\" name=\"jet-register-nonce\" value=\"43a50dcc96\" \/><input type=\"hidden\" name=\"_wp_http_referer\" value=\"\/quemamacastra\/wp-json\/wp\/v2\/pages\/273\" \/><input type=\"hidden\" name=\"jet_redirect\" value=\"https:\/\/www.luziania.go.gov.br\/quemamacastra\/\">\t\t<button type=\"submit\" class=\"jet-register__submit button\" name=\"register\">Registrar<\/button>\n\t<\/p>\n\n<\/form>\n<\/div>\t\t\t\t<\/div>\n\t\t\t\t<\/div>\n\t\t\t\t<\/div>\n\t\t<div class=\"elementor-element elementor-element-b997255 e-con-full e-flex e-con e-child\" data-id=\"b997255\" data-element_type=\"container\" data-e-type=\"container\" data-settings=\"{&quot;jet_parallax_layout_list&quot;:[],&quot;_ha_eqh_enable&quot;:false}\">\n\t\t\t\t<\/div>\n\t\t\t\t\t<\/div>\n\t\t\t\t<\/div>\n\t\t\t\t<\/div>\n\t\t","protected":false},"excerpt":{"rendered":"<p>Cadastro na plataforma Username Email Senha Confirme a Senha Concordo com os termos e condi\u00e7\u00f5es e Pol\u00edtica de Privacidade Registrar<\/p>\n","protected":false},"author":1,"featured_media":0,"parent":0,"menu_order":0,"comment_status":"closed","ping_status":"closed","template":"","meta":{"_jf_save_progress":"","_jf_limit_responses":"","_jet_sm_ready_style":"","_jet_sm_style":"","_jet_sm_controls_values":"","_jet_sm_fonts_collection":"","_jet_sm_fonts_links":"","footnotes":""},"class_list":["post-273","page","type-page","status-publish","hentry"],"yoast_head":"<!-- This site is optimized with the Yoast SEO plugin v25.8 - https:\/\/yoast.com\/wordpress\/plugins\/seo\/ -->\n<title>registro - Quem ama castra<\/title>\n<meta name=\"robots\" content=\"noindex, follow, max-snippet:-1, max-image-preview:large, max-video-preview:-1\" \/>\n<meta property=\"og:locale\" content=\"pt_BR\" \/>\n<meta property=\"og:type\" content=\"article\" \/>\n<meta property=\"og:title\" content=\"registro - Quem ama castra\" \/>\n<meta property=\"og:description\" content=\"Cadastro na plataforma Username Email Senha Confirme a Senha Concordo com os termos e condi\u00e7\u00f5es e Pol\u00edtica de Privacidade Registrar\" \/>\n<meta property=\"og:url\" content=\"https:\/\/www.luziania.go.gov.br\/quemamacastra\/registro\/\" \/>\n<meta property=\"og:site_name\" content=\"Quem ama castra\" \/>\n<meta property=\"article:modified_time\" content=\"2024-03-19T17:58:44+00:00\" \/>\n<meta name=\"twitter:card\" content=\"summary_large_image\" \/>\n<script type=\"application\/ld+json\" class=\"yoast-schema-graph\">{\"@context\":\"https:\/\/schema.org\",\"@graph\":[{\"@type\":\"WebPage\",\"@id\":\"https:\/\/www.luziania.go.gov.br\/quemamacastra\/registro\/\",\"url\":\"https:\/\/www.luziania.go.gov.br\/quemamacastra\/registro\/\",\"name\":\"registro - Quem ama castra\",\"isPartOf\":{\"@id\":\"https:\/\/www.luziania.go.gov.br\/quemamacastra\/#website\"},\"datePublished\":\"2024-03-17T18:19:40+00:00\",\"dateModified\":\"2024-03-19T17:58:44+00:00\",\"breadcrumb\":{\"@id\":\"https:\/\/www.luziania.go.gov.br\/quemamacastra\/registro\/#breadcrumb\"},\"inLanguage\":\"pt-BR\",\"potentialAction\":[{\"@type\":\"ReadAction\",\"target\":[\"https:\/\/www.luziania.go.gov.br\/quemamacastra\/registro\/\"]}]},{\"@type\":\"BreadcrumbList\",\"@id\":\"https:\/\/www.luziania.go.gov.br\/quemamacastra\/registro\/#breadcrumb\",\"itemListElement\":[{\"@type\":\"ListItem\",\"position\":1,\"name\":\"Home\",\"item\":\"https:\/\/www.luziania.go.gov.br\/quemamacastra\/\"},{\"@type\":\"ListItem\",\"position\":2,\"name\":\"registro\"}]},{\"@type\":\"WebSite\",\"@id\":\"https:\/\/www.luziania.go.gov.br\/quemamacastra\/#website\",\"url\":\"https:\/\/www.luziania.go.gov.br\/quemamacastra\/\",\"name\":\"Quem ama castra\",\"description\":\"Programa Municipal de Castra\u00e7\u00e3o de C\u00e3es e Gatos\",\"publisher\":{\"@id\":\"https:\/\/www.luziania.go.gov.br\/quemamacastra\/#organization\"},\"potentialAction\":[{\"@type\":\"SearchAction\",\"target\":{\"@type\":\"EntryPoint\",\"urlTemplate\":\"https:\/\/www.luziania.go.gov.br\/quemamacastra\/?s={search_term_string}\"},\"query-input\":{\"@type\":\"PropertyValueSpecification\",\"valueRequired\":true,\"valueName\":\"search_term_string\"}}],\"inLanguage\":\"pt-BR\"},{\"@type\":\"Organization\",\"@id\":\"https:\/\/www.luziania.go.gov.br\/quemamacastra\/#organization\",\"name\":\"Quem ama castra\",\"url\":\"https:\/\/www.luziania.go.gov.br\/quemamacastra\/\",\"logo\":{\"@type\":\"ImageObject\",\"inLanguage\":\"pt-BR\",\"@id\":\"https:\/\/www.luziania.go.gov.br\/quemamacastra\/#\/schema\/logo\/image\/\",\"url\":\"https:\/\/www.luziania.go.gov.br\/quemamacastra\/wp-content\/uploads\/2024\/03\/cropped-LOGO_Quem_Ama_Site.png\",\"contentUrl\":\"https:\/\/www.luziania.go.gov.br\/quemamacastra\/wp-content\/uploads\/2024\/03\/cropped-LOGO_Quem_Ama_Site.png\",\"width\":352,\"height\":273,\"caption\":\"Quem ama castra\"},\"image\":{\"@id\":\"https:\/\/www.luziania.go.gov.br\/quemamacastra\/#\/schema\/logo\/image\/\"}}]}<\/script>\n<!-- \/ Yoast SEO plugin. -->","yoast_head_json":{"title":"registro - Quem ama castra","robots":{"index":"noindex","follow":"follow","max-snippet":"max-snippet:-1","max-image-preview":"max-image-preview:large","max-video-preview":"max-video-preview:-1"},"og_locale":"pt_BR","og_type":"article","og_title":"registro - Quem ama castra","og_description":"Cadastro na plataforma Username Email Senha Confirme a Senha Concordo com os termos e condi\u00e7\u00f5es e Pol\u00edtica de Privacidade Registrar","og_url":"https:\/\/www.luziania.go.gov.br\/quemamacastra\/registro\/","og_site_name":"Quem ama castra","article_modified_time":"2024-03-19T17:58:44+00:00","twitter_card":"summary_large_image","schema":{"@context":"https:\/\/schema.org","@graph":[{"@type":"WebPage","@id":"https:\/\/www.luziania.go.gov.br\/quemamacastra\/registro\/","url":"https:\/\/www.luziania.go.gov.br\/quemamacastra\/registro\/","name":"registro - Quem ama castra","isPartOf":{"@id":"https:\/\/www.luziania.go.gov.br\/quemamacastra\/#website"},"datePublished":"2024-03-17T18:19:40+00:00","dateModified":"2024-03-19T17:58:44+00:00","breadcrumb":{"@id":"https:\/\/www.luziania.go.gov.br\/quemamacastra\/registro\/#breadcrumb"},"inLanguage":"pt-BR","potentialAction":[{"@type":"ReadAction","target":["https:\/\/www.luziania.go.gov.br\/quemamacastra\/registro\/"]}]},{"@type":"BreadcrumbList","@id":"https:\/\/www.luziania.go.gov.br\/quemamacastra\/registro\/#breadcrumb","itemListElement":[{"@type":"ListItem","position":1,"name":"Home","item":"https:\/\/www.luziania.go.gov.br\/quemamacastra\/"},{"@type":"ListItem","position":2,"name":"registro"}]},{"@type":"WebSite","@id":"https:\/\/www.luziania.go.gov.br\/quemamacastra\/#website","url":"https:\/\/www.luziania.go.gov.br\/quemamacastra\/","name":"Quem ama castra","description":"Programa Municipal de Castra\u00e7\u00e3o de C\u00e3es e Gatos","publisher":{"@id":"https:\/\/www.luziania.go.gov.br\/quemamacastra\/#organization"},"potentialAction":[{"@type":"SearchAction","target":{"@type":"EntryPoint","urlTemplate":"https:\/\/www.luziania.go.gov.br\/quemamacastra\/?s={search_term_string}"},"query-input":{"@type":"PropertyValueSpecification","valueRequired":true,"valueName":"search_term_string"}}],"inLanguage":"pt-BR"},{"@type":"Organization","@id":"https:\/\/www.luziania.go.gov.br\/quemamacastra\/#organization","name":"Quem ama castra","url":"https:\/\/www.luziania.go.gov.br\/quemamacastra\/","logo":{"@type":"ImageObject","inLanguage":"pt-BR","@id":"https:\/\/www.luziania.go.gov.br\/quemamacastra\/#\/schema\/logo\/image\/","url":"https:\/\/www.luziania.go.gov.br\/quemamacastra\/wp-content\/uploads\/2024\/03\/cropped-LOGO_Quem_Ama_Site.png","contentUrl":"https:\/\/www.luziania.go.gov.br\/quemamacastra\/wp-content\/uploads\/2024\/03\/cropped-LOGO_Quem_Ama_Site.png","width":352,"height":273,"caption":"Quem ama castra"},"image":{"@id":"https:\/\/www.luziania.go.gov.br\/quemamacastra\/#\/schema\/logo\/image\/"}}]}},"_links":{"self":[{"href":"https:\/\/www.luziania.go.gov.br\/quemamacastra\/wp-json\/wp\/v2\/pages\/273","targetHints":{"allow":["GET"]}}],"collection":[{"href":"https:\/\/www.luziania.go.gov.br\/quemamacastra\/wp-json\/wp\/v2\/pages"}],"about":[{"href":"https:\/\/www.luziania.go.gov.br\/quemamacastra\/wp-json\/wp\/v2\/types\/page"}],"author":[{"embeddable":true,"href":"https:\/\/www.luziania.go.gov.br\/quemamacastra\/wp-json\/wp\/v2\/users\/1"}],"replies":[{"embeddable":true,"href":"https:\/\/www.luziania.go.gov.br\/quemamacastra\/wp-json\/wp\/v2\/comments?post=273"}],"version-history":[{"count":0,"href":"https:\/\/www.luziania.go.gov.br\/quemamacastra\/wp-json\/wp\/v2\/pages\/273\/revisions"}],"wp:attachment":[{"href":"https:\/\/www.luziania.go.gov.br\/quemamacastra\/wp-json\/wp\/v2\/media?parent=273"}],"curies":[{"name":"wp","href":"https:\/\/api.w.org\/{rel}","templated":true}]}}