{"id":20,"date":"2024-03-14T11:13:21","date_gmt":"2024-03-14T11:13:21","guid":{"rendered":"https:\/\/luziania.go.gov.br\/quemamacastra\/?page_id=20"},"modified":"2025-04-10T10:24:48","modified_gmt":"2025-04-10T13:24:48","slug":"inicio","status":"publish","type":"page","link":"https:\/\/www.luziania.go.gov.br\/quemamacastra\/","title":{"rendered":"Inicio"},"content":{"rendered":"\t\t<div data-elementor-type=\"wp-page\" data-elementor-id=\"20\" class=\"elementor elementor-20\" data-elementor-settings=\"{&quot;ha_cmc_init_switcher&quot;:&quot;no&quot;}\" data-elementor-post-type=\"page\">\n\t\t\t\t<div class=\"elementor-element elementor-element-e9404e1 e-con-full e-flex e-con e-parent\" data-id=\"e9404e1\" data-element_type=\"container\" data-e-type=\"container\" data-settings=\"{&quot;jet_parallax_layout_list&quot;:[],&quot;_ha_eqh_enable&quot;:false}\">\n\t\t\t\t<div class=\"elementor-element elementor-element-4eecdd9 elementor-widget elementor-widget-image\" data-id=\"4eecdd9\" data-element_type=\"widget\" data-e-type=\"widget\" data-widget_type=\"image.default\">\n\t\t\t\t<div class=\"elementor-widget-container\">\n\t\t\t\t\t\t\t\t\t\t\t\t\t\t\t<img fetchpriority=\"high\" decoding=\"async\" width=\"2561\" height=\"642\" src=\"https:\/\/www.luziania.go.gov.br\/quemamacastra\/wp-content\/uploads\/2024\/03\/secao-02.png\" class=\"attachment-full size-full wp-image-82\" alt=\"\" srcset=\"https:\/\/www.luziania.go.gov.br\/quemamacastra\/wp-content\/uploads\/2024\/03\/secao-02.png 2561w, https:\/\/www.luziania.go.gov.br\/quemamacastra\/wp-content\/uploads\/2024\/03\/secao-02-300x75.png 300w, https:\/\/www.luziania.go.gov.br\/quemamacastra\/wp-content\/uploads\/2024\/03\/secao-02-1024x257.png 1024w, https:\/\/www.luziania.go.gov.br\/quemamacastra\/wp-content\/uploads\/2024\/03\/secao-02-768x193.png 768w, https:\/\/www.luziania.go.gov.br\/quemamacastra\/wp-content\/uploads\/2024\/03\/secao-02-1536x385.png 1536w, https:\/\/www.luziania.go.gov.br\/quemamacastra\/wp-content\/uploads\/2024\/03\/secao-02-2048x513.png 2048w\" sizes=\"(max-width: 2561px) 100vw, 2561px\" \/>\t\t\t\t\t\t\t\t\t\t\t\t\t\t\t<\/div>\n\t\t\t\t<\/div>\n\t\t\t\t<\/div>\n\t\t<div class=\"elementor-element elementor-element-0c9e6e6 e-flex e-con-boxed e-con e-parent\" data-id=\"0c9e6e6\" data-element_type=\"container\" data-e-type=\"container\" data-settings=\"{&quot;jet_parallax_layout_list&quot;:[],&quot;_ha_eqh_enable&quot;:false}\">\n\t\t\t\t\t<div class=\"e-con-inner\">\n\t\t<div class=\"elementor-element elementor-element-fd6cc6d e-con-full e-flex e-con e-child\" data-id=\"fd6cc6d\" data-element_type=\"container\" data-e-type=\"container\" data-settings=\"{&quot;jet_parallax_layout_list&quot;:[],&quot;_ha_eqh_enable&quot;:false}\">\n\t\t\t\t<\/div>\n\t\t\t\t\t<\/div>\n\t\t\t\t<\/div>\n\t\t<div class=\"elementor-element elementor-element-53faab3 e-flex e-con-boxed e-con e-parent\" data-id=\"53faab3\" data-element_type=\"container\" data-e-type=\"container\" data-settings=\"{&quot;jet_parallax_layout_list&quot;:[],&quot;_ha_eqh_enable&quot;:false}\">\n\t\t\t\t\t<div class=\"e-con-inner\">\n\t\t<div class=\"elementor-element elementor-element-f3e9d0b e-con-full jedv-enabled--yes e-flex e-con e-child\" data-id=\"f3e9d0b\" data-element_type=\"container\" data-e-type=\"container\" data-settings=\"{&quot;jet_parallax_layout_list&quot;:[],&quot;_ha_eqh_enable&quot;:false}\">\n\t\t\t\t<\/div>\n\t\t<div class=\"elementor-element elementor-element-38b99d3 e-con-full e-flex e-con e-child\" data-id=\"38b99d3\" data-element_type=\"container\" data-e-type=\"container\" data-settings=\"{&quot;jet_parallax_layout_list&quot;:[],&quot;_ha_eqh_enable&quot;:false}\">\n\t\t\t\t<div class=\"elementor-element elementor-element-17dd7c6 elementor-widget elementor-widget-heading\" data-id=\"17dd7c6\" data-element_type=\"widget\" data-e-type=\"widget\" data-widget_type=\"heading.default\">\n\t\t\t\t<div class=\"elementor-widget-container\">\n\t\t\t\t\t<h2 class=\"elementor-heading-title elementor-size-default\">Programa Quem Ama Castra<\/h2>\t\t\t\t<\/div>\n\t\t\t\t<\/div>\n\t\t\t\t<div class=\"elementor-element elementor-element-735de83 elementor-widget elementor-widget-text-editor\" data-id=\"735de83\" data-element_type=\"widget\" data-e-type=\"widget\" data-widget_type=\"text-editor.default\">\n\t\t\t\t<div class=\"elementor-widget-container\">\n\t\t\t\t\t\t\t\t\t<p>O Programa Quem Ama Castra \u00e9 um programa de Controle Reprodutivo de C\u00e3es e Gatos oferecido pela Prefeitura Municipal de Luzi\u00e2nia atrav\u00e9s da Secretaria Municipal de Meio Ambiente e Recursos H\u00eddricos (SEMARH-LUZ).<\/p><p>O programa tem como objetivo a esteriliza\u00e7\u00e3o gratuita dos animais de forma a diminuir a superpopula\u00e7\u00e3o de animais dom\u00e9sticos e minimizar o abandono de ninhadas. A castra\u00e7\u00e3o \u00e9 respons\u00e1vel por garantir a melhoria na qualidade de vida dos animais e aumento na longevidade. Entre as melhorias na qualidade de vida do animal est\u00e3o a diminui\u00e7\u00e3o de neoplasias do sistema reprodutor, diminui\u00e7\u00e3o de fugas e a melhoria comportamental dos animais.<\/p><p>Os benef\u00edcios da esteriliza\u00e7\u00e3o animal envolvem tanto a sa\u00fade do animal quanto da popula\u00e7\u00e3o em geral, uma vez que, com a castra\u00e7\u00e3o o n\u00famero de animais errantes e abandonados diminui, diminuindo assim a transmiss\u00e3o de doen\u00e7as zoon\u00f3ticas (doen\u00e7as transmitidas dos animais para o ser humano) e infectocontagiosas. Essas doen\u00e7as s\u00e3o consideravelmente maiores em animais de rua.<\/p><p>O programa prev\u00ea atendimento atrav\u00e9s de cl\u00ednicas veterin\u00e1rias credenciadas ou ainda por meio de mutir\u00f5es.<\/p><p>Todo processo de cadastro e inscri\u00e7\u00e3o bem como as obriga\u00e7\u00f5es dos beneficiados pelo programa, podem ser consultados sempre pelos \u00f3rg\u00e3os de controle e atrav\u00e9s da <a href=\"https:\/\/www.luziania.go.gov.br\/quemamacastra\/wp-content\/uploads\/2024\/03\/Portaria-001-2023-Portaria-Normativa-Politicas-de-castracao-de-animais.pdf\">Portaria Normativa n\u00b0 001\/2023.<\/a><\/p><p>O cadastro dever\u00e1 ser realizado clicando na aba Cadastro neste site. S\u00e3o crit\u00e9rios para realizar o cadastro para obten\u00e7\u00e3o do benef\u00edcio:<\/p><ul><li>Ser maior de 18 anos;<\/li><li>Residir na cidade de Luzi\u00e2nia;<\/li><li>Possuir e-mail ativo;<\/li><li>Possuir celular com WhatsApp.<\/li><\/ul><p>Ap\u00f3s a realiza\u00e7\u00e3o do cadastro o benefici\u00e1rio ser\u00e1 redirecionado a p\u00e1gina da inscri\u00e7\u00e3o. Neste momento o benefici\u00e1rio dever\u00e1 apresentar os documentos exigidos como forma de comprova\u00e7\u00e3o da inscri\u00e7\u00e3o.<\/p><p>Cada CPF poder\u00e1 inscrever at\u00e9 dois animais para serem beneficiados com a castra\u00e7\u00e3o gratuita.<\/p><p>Os contemplados receber\u00e3o a carta de encaminhamento via e-mail e\/ou WhatsApp com a data e hor\u00e1rio da cirurgia, nome e endere\u00e7o da cl\u00ednica e demais recomenda\u00e7\u00f5es.<\/p><p>Tamb\u00e9m poder\u00e3o apresentar solicita\u00e7\u00e3o deste benef\u00edcio, pessoas f\u00edsicas ou jur\u00eddicas (ONGs) que desejam indicar mais 10 (dez) animais para a castra\u00e7\u00e3o dentro do programa, sendo estes considerados grandes plant\u00e9is.<\/p><p>Para tanto, \u00e9 preciso preencher um <a href=\"https:\/\/www.luziania.go.gov.br\/quemamacastra\/wp-content\/uploads\/2024\/05\/TERMO-DE-REFERENCIA-PARA-GRANDES-PLANTEIS.docx\"><strong>Termo de Refer\u00eancia<\/strong><\/a> no qual conste, entre outras informa\u00e7\u00f5es, o tamanho do plantel e os respons\u00e1veis pelo acompanhamento nas opera\u00e7\u00f5es e no p\u00f3s-operat\u00f3rio, bem como a captura e transporte. Este termo dever\u00e1 ser levado presencialmente com toda documenta\u00e7\u00e3o solicitada na <strong><span style=\"color: #008000;\">Secretaria de meio Ambiente e Recursos H\u00eddricos de Luzi\u00e2nia \u2013 SEMARH-LUZ.<\/span><\/strong><\/p>\t\t\t\t\t\t\t\t<\/div>\n\t\t\t\t<\/div>\n\t\t\t\t<div class=\"elementor-element elementor-element-8b1d23b elementor-widget elementor-widget-accordion\" data-id=\"8b1d23b\" data-element_type=\"widget\" data-e-type=\"widget\" data-widget_type=\"accordion.default\">\n\t\t\t\t<div class=\"elementor-widget-container\">\n\t\t\t\t\t\t\t<div class=\"elementor-accordion\">\n\t\t\t\t\t\t\t<div class=\"elementor-accordion-item\">\n\t\t\t\t\t<div id=\"elementor-tab-title-1451\" class=\"elementor-tab-title\" data-tab=\"1\" role=\"button\" aria-controls=\"elementor-tab-content-1451\" aria-expanded=\"false\">\n\t\t\t\t\t\t\t\t\t\t\t\t\t<span class=\"elementor-accordion-icon elementor-accordion-icon-left\" aria-hidden=\"true\">\n\t\t\t\t\t\t\t\t\t\t\t\t\t\t\t<span class=\"elementor-accordion-icon-closed\"><svg class=\"e-font-icon-svg e-fas-plus\" viewBox=\"0 0 448 512\" xmlns=\"http:\/\/www.w3.org\/2000\/svg\"><path d=\"M416 208H272V64c0-17.67-14.33-32-32-32h-32c-17.67 0-32 14.33-32 32v144H32c-17.67 0-32 14.33-32 32v32c0 17.67 14.33 32 32 32h144v144c0 17.67 14.33 32 32 32h32c17.67 0 32-14.33 32-32V304h144c17.67 0 32-14.33 32-32v-32c0-17.67-14.33-32-32-32z\"><\/path><\/svg><\/span>\n\t\t\t\t\t\t\t\t<span class=\"elementor-accordion-icon-opened\"><svg class=\"e-font-icon-svg e-fas-minus\" viewBox=\"0 0 448 512\" xmlns=\"http:\/\/www.w3.org\/2000\/svg\"><path d=\"M416 208H32c-17.67 0-32 14.33-32 32v32c0 17.67 14.33 32 32 32h384c17.67 0 32-14.33 32-32v-32c0-17.67-14.33-32-32-32z\"><\/path><\/svg><\/span>\n\t\t\t\t\t\t\t\t\t\t\t\t\t\t<\/span>\n\t\t\t\t\t\t\t\t\t\t\t\t<a class=\"elementor-accordion-title\" tabindex=\"0\">Documenta\u00e7\u00e3o necess\u00e1ria para a inscri\u00e7\u00e3o:<\/a>\n\t\t\t\t\t<\/div>\n\t\t\t\t\t<div id=\"elementor-tab-content-1451\" class=\"elementor-tab-content elementor-clearfix\" data-tab=\"1\" role=\"region\" aria-labelledby=\"elementor-tab-title-1451\"><ul><li>Documento de identifica\u00e7\u00e3o: RG, CNH ou Carteira profissional;<\/li><li>CPF;<\/li><li>Comprovante de Endere\u00e7o;<\/li><li>N\u00famero de telefone com WhatsApp e e-mail v\u00e1lido;<\/li><li>Informa\u00e7\u00f5es sobre o animal.<\/li><\/ul><\/div>\n\t\t\t\t<\/div>\n\t\t\t\t\t\t\t<div class=\"elementor-accordion-item\">\n\t\t\t\t\t<div id=\"elementor-tab-title-1452\" class=\"elementor-tab-title\" data-tab=\"2\" role=\"button\" aria-controls=\"elementor-tab-content-1452\" aria-expanded=\"false\">\n\t\t\t\t\t\t\t\t\t\t\t\t\t<span class=\"elementor-accordion-icon elementor-accordion-icon-left\" aria-hidden=\"true\">\n\t\t\t\t\t\t\t\t\t\t\t\t\t\t\t<span class=\"elementor-accordion-icon-closed\"><svg class=\"e-font-icon-svg e-fas-plus\" viewBox=\"0 0 448 512\" xmlns=\"http:\/\/www.w3.org\/2000\/svg\"><path d=\"M416 208H272V64c0-17.67-14.33-32-32-32h-32c-17.67 0-32 14.33-32 32v144H32c-17.67 0-32 14.33-32 32v32c0 17.67 14.33 32 32 32h144v144c0 17.67 14.33 32 32 32h32c17.67 0 32-14.33 32-32V304h144c17.67 0 32-14.33 32-32v-32c0-17.67-14.33-32-32-32z\"><\/path><\/svg><\/span>\n\t\t\t\t\t\t\t\t<span class=\"elementor-accordion-icon-opened\"><svg class=\"e-font-icon-svg e-fas-minus\" viewBox=\"0 0 448 512\" xmlns=\"http:\/\/www.w3.org\/2000\/svg\"><path d=\"M416 208H32c-17.67 0-32 14.33-32 32v32c0 17.67 14.33 32 32 32h384c17.67 0 32-14.33 32-32v-32c0-17.67-14.33-32-32-32z\"><\/path><\/svg><\/span>\n\t\t\t\t\t\t\t\t\t\t\t\t\t\t<\/span>\n\t\t\t\t\t\t\t\t\t\t\t\t<a class=\"elementor-accordion-title\" tabindex=\"0\">Orienta\u00e7\u00f5es e Obriga\u00e7\u00f5es dos Benefici\u00e1rios<\/a>\n\t\t\t\t\t<\/div>\n\t\t\t\t\t<div id=\"elementor-tab-content-1452\" class=\"elementor-tab-content elementor-clearfix\" data-tab=\"2\" role=\"region\" aria-labelledby=\"elementor-tab-title-1452\"><p>Todas a informa\u00e7\u00f5es abaixo descritas podem ser encontradas na Portaria n\u00b0 001\/2023 SEMARH-LUZ que disp\u00f5e sobre a institui\u00e7\u00e3o de Pol\u00edticas P\u00fablicas de Castra\u00e7\u00e3o de Animais gratuita de c\u00e3es e gatos e regulamenta\u00e7\u00e3o o programa de castra\u00e7\u00e3o no Munic\u00edpio de Luzi\u00e2nia e d\u00e1 outras provid\u00eancias.<\/p><p>S\u00e3o algumas informa\u00e7\u00f5es e obriga\u00e7\u00f5es do tutor benefici\u00e1rio contemplado no programa Quem Ama Castra:<\/p><ol><li>Somente o titular do cadastro poder\u00e1 levar o animal \u00e0 cl\u00ednica selecionada na data previamente agendada;<\/li><li>N\u00e3o ser\u00e1 realizada esteriliza\u00e7\u00e3o em animais com les\u00f5es cut\u00e2neas, epil\u00e9pticos, obesos, no cio, em gesta\u00e7\u00e3o avan\u00e7ada ou amamentando (no caso de f\u00eameas);<\/li><li>N\u00e3o ser\u00e1 realizado exames de risco cir\u00fargico, sendo altamente recomendado que o solicitante o fa\u00e7a por conta pr\u00f3pria;<\/li><li>O tutor dever\u00e1 informar qualquer altera\u00e7\u00e3o na sa\u00fade do animal nos dias antecedentes da cirurgia;<\/li><li>Recomenda-se que os animais sejam vacinados (vacina V8 ou V10 para c\u00e3es e V3 ou V4 para gatos, e vacina antirr\u00e1bica feita pelo menos 30 (trinta) dias antes do procedimento), bem como verm\u00edfugos e livre de pulgas e carrapatos;<\/li><li>Para o pr\u00e9-operat\u00f3rio:<\/li><\/ol><ul><li>Um dia anterior a cirurgia, se poss\u00edvel, realizar a limpeza do animal (banho);<\/li><li>Certificar-se que o animal n\u00e3o tenha ectoparasitas (carrapatos e pulgas);<\/li><li>Realizar o jejum alimentar de 12 horas e h\u00eddrico de 6 horas;<\/li><\/ul><ol start=\"7\"><li>Para o dia agendado da cirurgia, o tutor dever\u00e1 levar:<\/li><\/ol><ul><li>No caso de cadela ou gata: cobertor, atadura crepom (faixa) nova e colar elisabetano ou macac\u00e3o cir\u00fargico;<\/li><li>No caso de c\u00e3o: cobertor e colar elisabetano; e<\/li><li>No caso de gato: cobertor e colar.<\/li><\/ul><ol start=\"8\"><li>Para o p\u00f3s-operat\u00f3rio: Os cuidados p\u00f3s-cir\u00fargico s\u00e3o de responsabilidade exclusiva dos tutores dos animais, devendo estes seguirem as orienta\u00e7\u00f5es prescritas pelo m\u00e9dico veterin\u00e1rio indicado para o procedimento o Caso o animal esteja apto \u00e0 cirurgia, o respons\u00e1vel dever\u00e1 busc\u00e1-lo no hor\u00e1rio marcado com a recep\u00e7\u00e3o da cl\u00ednica;<\/li><\/ol><ul><li>Manter o animal com colar elisabetano ou roupa cir\u00fargica;<\/li><li>Realizar limpeza com antiss\u00e9ptico, pelos menos 2(duas) vezes ao dia, conforme orienta\u00e7\u00f5es das cl\u00ednicas;<\/li><li>Manter o animal aquecido em local limpo, protegido de sol, chuva e umidade;<\/li><li>Altera\u00e7\u00f5es no local da ferida cir\u00fargica (abertura de pontos, muito vermelho, inchado) devem ser relatadas para a cl\u00ednica que realizou o procedimento;<\/li><li>Os pontos podem ser retirados conforme recomenda\u00e7\u00e3o da cl\u00ednica, observando se a ferida cir\u00fargica estar seca e aderida.<\/li><\/ul><ol start=\"9\"><li>O transporte do(s) animal(is) beneficiados at\u00e9 a cl\u00ednica ser\u00e1 de total responsabilidade dos tutores dos animais. C\u00e3es e cadelas devem ser conduzidos em guias pr\u00f3prias, nunca soltos. J\u00e1 os felinos devem ser transportados em caixas de transporte pr\u00f3prias, nunca no colo ou em guias, devido ao risco de fugas, n\u00e3o sendo permitido outro tipo de local de transporte.<\/li><\/ol><\/div>\n\t\t\t\t<\/div>\n\t\t\t\t\t\t\t\t<\/div>\n\t\t\t\t\t\t<\/div>\n\t\t\t\t<\/div>\n\t\t\t\t<div class=\"elementor-element elementor-element-5f2223f elementor-widget elementor-widget-image\" data-id=\"5f2223f\" data-element_type=\"widget\" data-e-type=\"widget\" data-widget_type=\"image.default\">\n\t\t\t\t<div class=\"elementor-widget-container\">\n\t\t\t\t\t\t\t\t\t\t\t\t\t\t\t<img decoding=\"async\" width=\"683\" height=\"1024\" src=\"https:\/\/www.luziania.go.gov.br\/quemamacastra\/wp-content\/uploads\/2025\/04\/Passo-a-Passo-Quem-Ama-Castra-683x1024.png\" class=\"attachment-large size-large wp-image-16038\" alt=\"\" srcset=\"https:\/\/www.luziania.go.gov.br\/quemamacastra\/wp-content\/uploads\/2025\/04\/Passo-a-Passo-Quem-Ama-Castra-683x1024.png 683w, https:\/\/www.luziania.go.gov.br\/quemamacastra\/wp-content\/uploads\/2025\/04\/Passo-a-Passo-Quem-Ama-Castra-200x300.png 200w, https:\/\/www.luziania.go.gov.br\/quemamacastra\/wp-content\/uploads\/2025\/04\/Passo-a-Passo-Quem-Ama-Castra-768x1152.png 768w, https:\/\/www.luziania.go.gov.br\/quemamacastra\/wp-content\/uploads\/2025\/04\/Passo-a-Passo-Quem-Ama-Castra.png 1024w\" sizes=\"(max-width: 683px) 100vw, 683px\" \/>\t\t\t\t\t\t\t\t\t\t\t\t\t\t\t<\/div>\n\t\t\t\t<\/div>\n\t\t\t\t<\/div>\n\t\t<div class=\"elementor-element elementor-element-f27a191 e-con-full e-flex e-con e-child\" data-id=\"f27a191\" data-element_type=\"container\" data-e-type=\"container\" data-settings=\"{&quot;jet_parallax_layout_list&quot;:[],&quot;_ha_eqh_enable&quot;:false}\">\n\t\t\t\t<\/div>\n\t\t\t\t\t<\/div>\n\t\t\t\t<\/div>\n\t\t\t\t<\/div>\n\t\t","protected":false},"excerpt":{"rendered":"<p>Dados dos animais cadastrados: Nome Especie G\u00eanero Porte Idade Cadastro Programa Quem Ama Castra O Programa Quem Ama Castra \u00e9 um programa de Controle Reprodutivo de C\u00e3es e Gatos oferecido pela Prefeitura Municipal de Luzi\u00e2nia atrav\u00e9s da Secretaria Municipal de Meio Ambiente e Recursos H\u00eddricos (SEMARH-LUZ). O programa tem como objetivo a esteriliza\u00e7\u00e3o gratuita dos [&hellip;]<\/p>\n","protected":false},"author":1,"featured_media":0,"parent":0,"menu_order":0,"comment_status":"closed","ping_status":"closed","template":"elementor_header_footer","meta":{"_jf_save_progress":"","_jf_limit_responses":"","_jet_sm_ready_style":"","_jet_sm_style":"","_jet_sm_controls_values":"","_jet_sm_fonts_collection":"","_jet_sm_fonts_links":"","footnotes":""},"class_list":["post-20","page","type-page","status-publish","hentry"],"yoast_head":"<!-- This site is optimized with the Yoast SEO plugin v25.8 - https:\/\/yoast.com\/wordpress\/plugins\/seo\/ -->\n<title>Inicio - Quem ama castra<\/title>\n<meta name=\"robots\" content=\"noindex, follow, max-snippet:-1, max-image-preview:large, max-video-preview:-1\" \/>\n<meta property=\"og:locale\" content=\"pt_BR\" \/>\n<meta property=\"og:type\" content=\"article\" \/>\n<meta property=\"og:title\" content=\"Inicio - Quem ama castra\" \/>\n<meta property=\"og:description\" content=\"Dados dos animais cadastrados: Nome Especie G\u00eanero Porte Idade Cadastro Programa Quem Ama Castra O Programa Quem Ama Castra \u00e9 um programa de Controle Reprodutivo de C\u00e3es e Gatos oferecido pela Prefeitura Municipal de Luzi\u00e2nia atrav\u00e9s da Secretaria Municipal de Meio Ambiente e Recursos H\u00eddricos (SEMARH-LUZ). O programa tem como objetivo a esteriliza\u00e7\u00e3o gratuita dos [&hellip;]\" \/>\n<meta property=\"og:url\" content=\"https:\/\/www.luziania.go.gov.br\/quemamacastra\/\" \/>\n<meta property=\"og:site_name\" content=\"Quem ama castra\" \/>\n<meta property=\"article:modified_time\" content=\"2025-04-10T13:24:48+00:00\" \/>\n<meta property=\"og:image\" content=\"https:\/\/www.luziania.go.gov.br\/quemamacastra\/wp-content\/uploads\/2024\/03\/secao-02.png\" \/>\n\t<meta property=\"og:image:width\" content=\"2561\" \/>\n\t<meta property=\"og:image:height\" content=\"642\" \/>\n\t<meta property=\"og:image:type\" content=\"image\/png\" \/>\n<meta name=\"twitter:card\" content=\"summary_large_image\" \/>\n<meta name=\"twitter:label1\" content=\"Est. tempo de leitura\" \/>\n\t<meta name=\"twitter:data1\" content=\"5 minutos\" \/>\n<script type=\"application\/ld+json\" class=\"yoast-schema-graph\">{\"@context\":\"https:\/\/schema.org\",\"@graph\":[{\"@type\":\"WebPage\",\"@id\":\"https:\/\/www.luziania.go.gov.br\/quemamacastra\/\",\"url\":\"https:\/\/www.luziania.go.gov.br\/quemamacastra\/\",\"name\":\"Inicio - Quem ama castra\",\"isPartOf\":{\"@id\":\"https:\/\/www.luziania.go.gov.br\/quemamacastra\/#website\"},\"primaryImageOfPage\":{\"@id\":\"https:\/\/www.luziania.go.gov.br\/quemamacastra\/#primaryimage\"},\"image\":{\"@id\":\"https:\/\/www.luziania.go.gov.br\/quemamacastra\/#primaryimage\"},\"thumbnailUrl\":\"https:\/\/www.luziania.go.gov.br\/quemamacastra\/wp-content\/uploads\/2024\/03\/secao-02.png\",\"datePublished\":\"2024-03-14T11:13:21+00:00\",\"dateModified\":\"2025-04-10T13:24:48+00:00\",\"breadcrumb\":{\"@id\":\"https:\/\/www.luziania.go.gov.br\/quemamacastra\/#breadcrumb\"},\"inLanguage\":\"pt-BR\",\"potentialAction\":[{\"@type\":\"ReadAction\",\"target\":[\"https:\/\/www.luziania.go.gov.br\/quemamacastra\/\"]}]},{\"@type\":\"ImageObject\",\"inLanguage\":\"pt-BR\",\"@id\":\"https:\/\/www.luziania.go.gov.br\/quemamacastra\/#primaryimage\",\"url\":\"https:\/\/www.luziania.go.gov.br\/quemamacastra\/wp-content\/uploads\/2024\/03\/secao-02.png\",\"contentUrl\":\"https:\/\/www.luziania.go.gov.br\/quemamacastra\/wp-content\/uploads\/2024\/03\/secao-02.png\",\"width\":2561,\"height\":642},{\"@type\":\"BreadcrumbList\",\"@id\":\"https:\/\/www.luziania.go.gov.br\/quemamacastra\/#breadcrumb\",\"itemListElement\":[{\"@type\":\"ListItem\",\"position\":1,\"name\":\"Home\",\"item\":\"https:\/\/www.luziania.go.gov.br\/quemamacastra\/\"},{\"@type\":\"ListItem\",\"position\":2,\"name\":\"Inicio\"}]},{\"@type\":\"WebSite\",\"@id\":\"https:\/\/www.luziania.go.gov.br\/quemamacastra\/#website\",\"url\":\"https:\/\/www.luziania.go.gov.br\/quemamacastra\/\",\"name\":\"Quem ama castra\",\"description\":\"Programa Municipal de Castra\u00e7\u00e3o de C\u00e3es e Gatos\",\"publisher\":{\"@id\":\"https:\/\/www.luziania.go.gov.br\/quemamacastra\/#organization\"},\"potentialAction\":[{\"@type\":\"SearchAction\",\"target\":{\"@type\":\"EntryPoint\",\"urlTemplate\":\"https:\/\/www.luziania.go.gov.br\/quemamacastra\/?s={search_term_string}\"},\"query-input\":{\"@type\":\"PropertyValueSpecification\",\"valueRequired\":true,\"valueName\":\"search_term_string\"}}],\"inLanguage\":\"pt-BR\"},{\"@type\":\"Organization\",\"@id\":\"https:\/\/www.luziania.go.gov.br\/quemamacastra\/#organization\",\"name\":\"Quem ama castra\",\"url\":\"https:\/\/www.luziania.go.gov.br\/quemamacastra\/\",\"logo\":{\"@type\":\"ImageObject\",\"inLanguage\":\"pt-BR\",\"@id\":\"https:\/\/www.luziania.go.gov.br\/quemamacastra\/#\/schema\/logo\/image\/\",\"url\":\"https:\/\/www.luziania.go.gov.br\/quemamacastra\/wp-content\/uploads\/2024\/03\/cropped-LOGO_Quem_Ama_Site.png\",\"contentUrl\":\"https:\/\/www.luziania.go.gov.br\/quemamacastra\/wp-content\/uploads\/2024\/03\/cropped-LOGO_Quem_Ama_Site.png\",\"width\":352,\"height\":273,\"caption\":\"Quem ama castra\"},\"image\":{\"@id\":\"https:\/\/www.luziania.go.gov.br\/quemamacastra\/#\/schema\/logo\/image\/\"}}]}<\/script>\n<!-- \/ Yoast SEO plugin. -->","yoast_head_json":{"title":"Inicio - Quem ama castra","robots":{"index":"noindex","follow":"follow","max-snippet":"max-snippet:-1","max-image-preview":"max-image-preview:large","max-video-preview":"max-video-preview:-1"},"og_locale":"pt_BR","og_type":"article","og_title":"Inicio - Quem ama castra","og_description":"Dados dos animais cadastrados: Nome Especie G\u00eanero Porte Idade Cadastro Programa Quem Ama Castra O Programa Quem Ama Castra \u00e9 um programa de Controle Reprodutivo de C\u00e3es e Gatos oferecido pela Prefeitura Municipal de Luzi\u00e2nia atrav\u00e9s da Secretaria Municipal de Meio Ambiente e Recursos H\u00eddricos (SEMARH-LUZ). O programa tem como objetivo a esteriliza\u00e7\u00e3o gratuita dos [&hellip;]","og_url":"https:\/\/www.luziania.go.gov.br\/quemamacastra\/","og_site_name":"Quem ama castra","article_modified_time":"2025-04-10T13:24:48+00:00","og_image":[{"width":2561,"height":642,"url":"https:\/\/www.luziania.go.gov.br\/quemamacastra\/wp-content\/uploads\/2024\/03\/secao-02.png","type":"image\/png"}],"twitter_card":"summary_large_image","twitter_misc":{"Est. tempo de leitura":"5 minutos"},"schema":{"@context":"https:\/\/schema.org","@graph":[{"@type":"WebPage","@id":"https:\/\/www.luziania.go.gov.br\/quemamacastra\/","url":"https:\/\/www.luziania.go.gov.br\/quemamacastra\/","name":"Inicio - Quem ama castra","isPartOf":{"@id":"https:\/\/www.luziania.go.gov.br\/quemamacastra\/#website"},"primaryImageOfPage":{"@id":"https:\/\/www.luziania.go.gov.br\/quemamacastra\/#primaryimage"},"image":{"@id":"https:\/\/www.luziania.go.gov.br\/quemamacastra\/#primaryimage"},"thumbnailUrl":"https:\/\/www.luziania.go.gov.br\/quemamacastra\/wp-content\/uploads\/2024\/03\/secao-02.png","datePublished":"2024-03-14T11:13:21+00:00","dateModified":"2025-04-10T13:24:48+00:00","breadcrumb":{"@id":"https:\/\/www.luziania.go.gov.br\/quemamacastra\/#breadcrumb"},"inLanguage":"pt-BR","potentialAction":[{"@type":"ReadAction","target":["https:\/\/www.luziania.go.gov.br\/quemamacastra\/"]}]},{"@type":"ImageObject","inLanguage":"pt-BR","@id":"https:\/\/www.luziania.go.gov.br\/quemamacastra\/#primaryimage","url":"https:\/\/www.luziania.go.gov.br\/quemamacastra\/wp-content\/uploads\/2024\/03\/secao-02.png","contentUrl":"https:\/\/www.luziania.go.gov.br\/quemamacastra\/wp-content\/uploads\/2024\/03\/secao-02.png","width":2561,"height":642},{"@type":"BreadcrumbList","@id":"https:\/\/www.luziania.go.gov.br\/quemamacastra\/#breadcrumb","itemListElement":[{"@type":"ListItem","position":1,"name":"Home","item":"https:\/\/www.luziania.go.gov.br\/quemamacastra\/"},{"@type":"ListItem","position":2,"name":"Inicio"}]},{"@type":"WebSite","@id":"https:\/\/www.luziania.go.gov.br\/quemamacastra\/#website","url":"https:\/\/www.luziania.go.gov.br\/quemamacastra\/","name":"Quem ama castra","description":"Programa Municipal de Castra\u00e7\u00e3o de C\u00e3es e Gatos","publisher":{"@id":"https:\/\/www.luziania.go.gov.br\/quemamacastra\/#organization"},"potentialAction":[{"@type":"SearchAction","target":{"@type":"EntryPoint","urlTemplate":"https:\/\/www.luziania.go.gov.br\/quemamacastra\/?s={search_term_string}"},"query-input":{"@type":"PropertyValueSpecification","valueRequired":true,"valueName":"search_term_string"}}],"inLanguage":"pt-BR"},{"@type":"Organization","@id":"https:\/\/www.luziania.go.gov.br\/quemamacastra\/#organization","name":"Quem ama castra","url":"https:\/\/www.luziania.go.gov.br\/quemamacastra\/","logo":{"@type":"ImageObject","inLanguage":"pt-BR","@id":"https:\/\/www.luziania.go.gov.br\/quemamacastra\/#\/schema\/logo\/image\/","url":"https:\/\/www.luziania.go.gov.br\/quemamacastra\/wp-content\/uploads\/2024\/03\/cropped-LOGO_Quem_Ama_Site.png","contentUrl":"https:\/\/www.luziania.go.gov.br\/quemamacastra\/wp-content\/uploads\/2024\/03\/cropped-LOGO_Quem_Ama_Site.png","width":352,"height":273,"caption":"Quem ama castra"},"image":{"@id":"https:\/\/www.luziania.go.gov.br\/quemamacastra\/#\/schema\/logo\/image\/"}}]}},"_links":{"self":[{"href":"https:\/\/www.luziania.go.gov.br\/quemamacastra\/wp-json\/wp\/v2\/pages\/20","targetHints":{"allow":["GET"]}}],"collection":[{"href":"https:\/\/www.luziania.go.gov.br\/quemamacastra\/wp-json\/wp\/v2\/pages"}],"about":[{"href":"https:\/\/www.luziania.go.gov.br\/quemamacastra\/wp-json\/wp\/v2\/types\/page"}],"author":[{"embeddable":true,"href":"https:\/\/www.luziania.go.gov.br\/quemamacastra\/wp-json\/wp\/v2\/users\/1"}],"replies":[{"embeddable":true,"href":"https:\/\/www.luziania.go.gov.br\/quemamacastra\/wp-json\/wp\/v2\/comments?post=20"}],"version-history":[{"count":9,"href":"https:\/\/www.luziania.go.gov.br\/quemamacastra\/wp-json\/wp\/v2\/pages\/20\/revisions"}],"predecessor-version":[{"id":16044,"href":"https:\/\/www.luziania.go.gov.br\/quemamacastra\/wp-json\/wp\/v2\/pages\/20\/revisions\/16044"}],"wp:attachment":[{"href":"https:\/\/www.luziania.go.gov.br\/quemamacastra\/wp-json\/wp\/v2\/media?parent=20"}],"curies":[{"name":"wp","href":"https:\/\/api.w.org\/{rel}","templated":true}]}}