{"id":104,"date":"2024-03-17T15:00:49","date_gmt":"2024-03-17T15:00:49","guid":{"rendered":"https:\/\/www.luziania.go.gov.br\/quemamacastra\/?page_id=104"},"modified":"2025-10-06T20:14:57","modified_gmt":"2025-10-06T23:14:57","slug":"inscricao","status":"publish","type":"page","link":"https:\/\/www.luziania.go.gov.br\/quemamacastra\/inscricao\/","title":{"rendered":"inscricao"},"content":{"rendered":"\t\t<div data-elementor-type=\"wp-page\" data-elementor-id=\"104\" class=\"elementor elementor-104\" data-elementor-settings=\"{&quot;ha_cmc_init_switcher&quot;:&quot;no&quot;}\" data-elementor-post-type=\"page\">\n\t\t\t\t<div class=\"elementor-element elementor-element-258a6a2 e-flex e-con-boxed e-con e-parent\" data-id=\"258a6a2\" data-element_type=\"container\" data-e-type=\"container\" data-settings=\"{&quot;jet_parallax_layout_list&quot;:[],&quot;_ha_eqh_enable&quot;:false}\">\n\t\t\t\t\t<div class=\"e-con-inner\">\n\t\t\t\t<div class=\"elementor-element elementor-element-b6d45f1 elementor-widget elementor-widget-heading\" data-id=\"b6d45f1\" data-element_type=\"widget\" data-e-type=\"widget\" data-widget_type=\"heading.default\">\n\t\t\t\t<div class=\"elementor-widget-container\">\n\t\t\t\t\t<h2 class=\"elementor-heading-title elementor-size-default\">Inscri\u00e7\u00e3o para o programa Quem Ama Castra<\/h2>\t\t\t\t<\/div>\n\t\t\t\t<\/div>\n\t\t\t\t\t<\/div>\n\t\t\t\t<\/div>\n\t\t<div class=\"elementor-element elementor-element-969aa64 e-flex e-con-boxed e-con e-parent\" data-id=\"969aa64\" data-element_type=\"container\" data-e-type=\"container\" data-settings=\"{&quot;jet_parallax_layout_list&quot;:[],&quot;_ha_eqh_enable&quot;:false}\">\n\t\t\t\t\t<div class=\"e-con-inner\">\n\t\t\t\t\t<\/div>\n\t\t\t\t<\/div>\n\t\t<div class=\"elementor-element elementor-element-772d13b jedv-enabled--yes e-con-full e-flex e-con e-parent\" data-id=\"772d13b\" data-element_type=\"container\" data-e-type=\"container\" data-settings=\"{&quot;jet_parallax_layout_list&quot;:[],&quot;_ha_eqh_enable&quot;:false}\">\n\t\t<div class=\"elementor-element elementor-element-7f6eb09 e-con-full e-flex e-con e-child\" data-id=\"7f6eb09\" data-element_type=\"container\" data-e-type=\"container\" data-settings=\"{&quot;jet_parallax_layout_list&quot;:[],&quot;_ha_eqh_enable&quot;:false}\">\n\t\t\t\t<\/div>\n\t\t<div class=\"elementor-element elementor-element-3f43bc0 e-con-full e-flex e-con e-child\" data-id=\"3f43bc0\" data-element_type=\"container\" data-e-type=\"container\" data-settings=\"{&quot;jet_parallax_layout_list&quot;:[],&quot;_ha_eqh_enable&quot;:false}\">\n\t\t\t\t<div class=\"elementor-element elementor-element-07f495e elementor-widget elementor-widget-text-editor\" data-id=\"07f495e\" data-element_type=\"widget\" data-e-type=\"widget\" data-widget_type=\"text-editor.default\">\n\t\t\t\t<div class=\"elementor-widget-container\">\n\t\t\t\t\t\t\t\t\t<p><strong>Bem-vindo ao Sistema de Cadastro do programa Quem Ama Castra!<\/strong><\/p><p>Para efetuar sua inscri\u00e7\u00e3o, \u00e9 necess\u00e1rio que se cadastre em nossa plataforma. \u00c9 r\u00e1pido e f\u00e1cil.\u00a0<a href=\"https:\/\/www.luziania.go.gov.br\/quemamacastra\/?page_id=273\"><strong>Clique aqui<\/strong><\/a>\u00a0para fazer seu cadastro.<\/p>\t\t\t\t\t\t\t\t<\/div>\n\t\t\t\t<\/div>\n\t\t\t\t<\/div>\n\t\t<div class=\"elementor-element elementor-element-7e4be18 e-con-full e-flex e-con e-child\" data-id=\"7e4be18\" data-element_type=\"container\" data-e-type=\"container\" data-settings=\"{&quot;jet_parallax_layout_list&quot;:[],&quot;_ha_eqh_enable&quot;:false}\">\n\t\t\t\t<\/div>\n\t\t\t\t<\/div>\n\t\t<div class=\"elementor-element elementor-element-37cd780 e-flex e-con-boxed e-con e-parent\" data-id=\"37cd780\" data-element_type=\"container\" data-e-type=\"container\" data-settings=\"{&quot;jet_parallax_layout_list&quot;:[],&quot;_ha_eqh_enable&quot;:false}\">\n\t\t\t\t\t<div class=\"e-con-inner\">\n\t\t<div class=\"elementor-element elementor-element-dbb3076 e-con-full e-flex e-con e-child\" data-id=\"dbb3076\" data-element_type=\"container\" data-e-type=\"container\" data-settings=\"{&quot;jet_parallax_layout_list&quot;:[],&quot;_ha_eqh_enable&quot;:false}\">\n\t\t\t\t<\/div>\n\t\t<div class=\"elementor-element elementor-element-a6e94a8 e-con-full e-flex e-con e-child\" data-id=\"a6e94a8\" data-element_type=\"container\" data-e-type=\"container\" data-settings=\"{&quot;jet_parallax_layout_list&quot;:[],&quot;_ha_eqh_enable&quot;:false}\">\n\t\t\t\t<\/div>\n\t\t<div class=\"elementor-element elementor-element-fde7304 e-con-full jedv-enabled--yes e-flex e-con e-child\" data-id=\"fde7304\" data-element_type=\"container\" data-e-type=\"container\" data-settings=\"{&quot;jet_parallax_layout_list&quot;:[],&quot;_ha_eqh_enable&quot;:false}\">\n\t\t\t\t<\/div>\n\t\t\t\t\t<\/div>\n\t\t\t\t<\/div>\n\t\t<div class=\"elementor-element elementor-element-ed34410 e-flex e-con-boxed e-con e-parent\" data-id=\"ed34410\" data-element_type=\"container\" data-e-type=\"container\" data-settings=\"{&quot;jet_parallax_layout_list&quot;:[],&quot;_ha_eqh_enable&quot;:false}\">\n\t\t\t\t\t<div class=\"e-con-inner\">\n\t\t<div class=\"elementor-element elementor-element-3b3b04f e-con-full e-flex e-con e-child\" data-id=\"3b3b04f\" data-element_type=\"container\" data-e-type=\"container\" data-settings=\"{&quot;jet_parallax_layout_list&quot;:[],&quot;_ha_eqh_enable&quot;:false}\">\n\t\t\t\t<\/div>\n\t\t<div class=\"elementor-element elementor-element-0d4ac8a e-con-full e-flex e-con e-child\" data-id=\"0d4ac8a\" data-element_type=\"container\" data-e-type=\"container\" data-settings=\"{&quot;jet_parallax_layout_list&quot;:[],&quot;_ha_eqh_enable&quot;:false}\">\n\t\t\t\t<\/div>\n\t\t<div class=\"elementor-element elementor-element-cb29f3b e-con-full jedv-enabled--yes e-flex e-con e-child\" data-id=\"cb29f3b\" data-element_type=\"container\" data-e-type=\"container\" data-settings=\"{&quot;jet_parallax_layout_list&quot;:[],&quot;_ha_eqh_enable&quot;:false}\">\n\t\t\t\t<\/div>\n\t\t\t\t\t<\/div>\n\t\t\t\t<\/div>\n\t\t\t\t<\/div>\n\t\t","protected":false},"excerpt":{"rendered":"<p>Inscri\u00e7\u00e3o para o programa Quem Ama Castra Bem-vindo ao Sistema de Cadastro do programa Quem Ama Castra! Para efetuar sua inscri\u00e7\u00e3o, \u00e9 necess\u00e1rio que se cadastre em nossa plataforma. \u00c9 r\u00e1pido e f\u00e1cil.\u00a0Clique aqui\u00a0para fazer seu cadastro. Sua inscri\u00e7\u00e3o j\u00e1 foi realizada! Favor checar seu e-mail para maiores informa\u00e7\u00f5es. Sua inscri\u00e7\u00e3o j\u00e1 foi realizada! Favor [&hellip;]<\/p>\n","protected":false},"author":1,"featured_media":0,"parent":0,"menu_order":0,"comment_status":"closed","ping_status":"closed","template":"elementor_header_footer","meta":{"_jf_save_progress":"","_jf_limit_responses":"","_jet_sm_ready_style":"","_jet_sm_style":"","_jet_sm_controls_values":"","_jet_sm_fonts_collection":"","_jet_sm_fonts_links":"","footnotes":""},"class_list":["post-104","page","type-page","status-publish","hentry"],"yoast_head":"<!-- This site is optimized with the Yoast SEO plugin v25.8 - https:\/\/yoast.com\/wordpress\/plugins\/seo\/ -->\n<title>inscricao - Quem ama castra<\/title>\n<meta name=\"robots\" content=\"noindex, follow, max-snippet:-1, max-image-preview:large, max-video-preview:-1\" \/>\n<meta property=\"og:locale\" content=\"pt_BR\" \/>\n<meta property=\"og:type\" content=\"article\" \/>\n<meta property=\"og:title\" content=\"inscricao - Quem ama castra\" \/>\n<meta property=\"og:description\" content=\"Inscri\u00e7\u00e3o para o programa Quem Ama Castra Bem-vindo ao Sistema de Cadastro do programa Quem Ama Castra! Para efetuar sua inscri\u00e7\u00e3o, \u00e9 necess\u00e1rio que se cadastre em nossa plataforma. \u00c9 r\u00e1pido e f\u00e1cil.\u00a0Clique aqui\u00a0para fazer seu cadastro. Sua inscri\u00e7\u00e3o j\u00e1 foi realizada! Favor checar seu e-mail para maiores informa\u00e7\u00f5es. Sua inscri\u00e7\u00e3o j\u00e1 foi realizada! Favor [&hellip;]\" \/>\n<meta property=\"og:url\" content=\"https:\/\/www.luziania.go.gov.br\/quemamacastra\/inscricao\/\" \/>\n<meta property=\"og:site_name\" content=\"Quem ama castra\" \/>\n<meta property=\"article:modified_time\" content=\"2025-10-06T23:14:57+00:00\" \/>\n<meta name=\"twitter:card\" content=\"summary_large_image\" \/>\n<meta name=\"twitter:label1\" content=\"Est. tempo de leitura\" \/>\n\t<meta name=\"twitter:data1\" content=\"2 minutos\" \/>\n<script type=\"application\/ld+json\" class=\"yoast-schema-graph\">{\"@context\":\"https:\/\/schema.org\",\"@graph\":[{\"@type\":\"WebPage\",\"@id\":\"https:\/\/www.luziania.go.gov.br\/quemamacastra\/inscricao\/\",\"url\":\"https:\/\/www.luziania.go.gov.br\/quemamacastra\/inscricao\/\",\"name\":\"inscricao - Quem ama castra\",\"isPartOf\":{\"@id\":\"https:\/\/www.luziania.go.gov.br\/quemamacastra\/#website\"},\"datePublished\":\"2024-03-17T15:00:49+00:00\",\"dateModified\":\"2025-10-06T23:14:57+00:00\",\"breadcrumb\":{\"@id\":\"https:\/\/www.luziania.go.gov.br\/quemamacastra\/inscricao\/#breadcrumb\"},\"inLanguage\":\"pt-BR\",\"potentialAction\":[{\"@type\":\"ReadAction\",\"target\":[\"https:\/\/www.luziania.go.gov.br\/quemamacastra\/inscricao\/\"]}]},{\"@type\":\"BreadcrumbList\",\"@id\":\"https:\/\/www.luziania.go.gov.br\/quemamacastra\/inscricao\/#breadcrumb\",\"itemListElement\":[{\"@type\":\"ListItem\",\"position\":1,\"name\":\"Home\",\"item\":\"https:\/\/www.luziania.go.gov.br\/quemamacastra\/\"},{\"@type\":\"ListItem\",\"position\":2,\"name\":\"inscricao\"}]},{\"@type\":\"WebSite\",\"@id\":\"https:\/\/www.luziania.go.gov.br\/quemamacastra\/#website\",\"url\":\"https:\/\/www.luziania.go.gov.br\/quemamacastra\/\",\"name\":\"Quem ama castra\",\"description\":\"Programa Municipal de Castra\u00e7\u00e3o de C\u00e3es e Gatos\",\"publisher\":{\"@id\":\"https:\/\/www.luziania.go.gov.br\/quemamacastra\/#organization\"},\"potentialAction\":[{\"@type\":\"SearchAction\",\"target\":{\"@type\":\"EntryPoint\",\"urlTemplate\":\"https:\/\/www.luziania.go.gov.br\/quemamacastra\/?s={search_term_string}\"},\"query-input\":{\"@type\":\"PropertyValueSpecification\",\"valueRequired\":true,\"valueName\":\"search_term_string\"}}],\"inLanguage\":\"pt-BR\"},{\"@type\":\"Organization\",\"@id\":\"https:\/\/www.luziania.go.gov.br\/quemamacastra\/#organization\",\"name\":\"Quem ama castra\",\"url\":\"https:\/\/www.luziania.go.gov.br\/quemamacastra\/\",\"logo\":{\"@type\":\"ImageObject\",\"inLanguage\":\"pt-BR\",\"@id\":\"https:\/\/www.luziania.go.gov.br\/quemamacastra\/#\/schema\/logo\/image\/\",\"url\":\"https:\/\/www.luziania.go.gov.br\/quemamacastra\/wp-content\/uploads\/2024\/03\/cropped-LOGO_Quem_Ama_Site.png\",\"contentUrl\":\"https:\/\/www.luziania.go.gov.br\/quemamacastra\/wp-content\/uploads\/2024\/03\/cropped-LOGO_Quem_Ama_Site.png\",\"width\":352,\"height\":273,\"caption\":\"Quem ama castra\"},\"image\":{\"@id\":\"https:\/\/www.luziania.go.gov.br\/quemamacastra\/#\/schema\/logo\/image\/\"}}]}<\/script>\n<!-- \/ Yoast SEO plugin. -->","yoast_head_json":{"title":"inscricao - Quem ama castra","robots":{"index":"noindex","follow":"follow","max-snippet":"max-snippet:-1","max-image-preview":"max-image-preview:large","max-video-preview":"max-video-preview:-1"},"og_locale":"pt_BR","og_type":"article","og_title":"inscricao - Quem ama castra","og_description":"Inscri\u00e7\u00e3o para o programa Quem Ama Castra Bem-vindo ao Sistema de Cadastro do programa Quem Ama Castra! Para efetuar sua inscri\u00e7\u00e3o, \u00e9 necess\u00e1rio que se cadastre em nossa plataforma. \u00c9 r\u00e1pido e f\u00e1cil.\u00a0Clique aqui\u00a0para fazer seu cadastro. Sua inscri\u00e7\u00e3o j\u00e1 foi realizada! Favor checar seu e-mail para maiores informa\u00e7\u00f5es. Sua inscri\u00e7\u00e3o j\u00e1 foi realizada! Favor [&hellip;]","og_url":"https:\/\/www.luziania.go.gov.br\/quemamacastra\/inscricao\/","og_site_name":"Quem ama castra","article_modified_time":"2025-10-06T23:14:57+00:00","twitter_card":"summary_large_image","twitter_misc":{"Est. tempo de leitura":"2 minutos"},"schema":{"@context":"https:\/\/schema.org","@graph":[{"@type":"WebPage","@id":"https:\/\/www.luziania.go.gov.br\/quemamacastra\/inscricao\/","url":"https:\/\/www.luziania.go.gov.br\/quemamacastra\/inscricao\/","name":"inscricao - Quem ama castra","isPartOf":{"@id":"https:\/\/www.luziania.go.gov.br\/quemamacastra\/#website"},"datePublished":"2024-03-17T15:00:49+00:00","dateModified":"2025-10-06T23:14:57+00:00","breadcrumb":{"@id":"https:\/\/www.luziania.go.gov.br\/quemamacastra\/inscricao\/#breadcrumb"},"inLanguage":"pt-BR","potentialAction":[{"@type":"ReadAction","target":["https:\/\/www.luziania.go.gov.br\/quemamacastra\/inscricao\/"]}]},{"@type":"BreadcrumbList","@id":"https:\/\/www.luziania.go.gov.br\/quemamacastra\/inscricao\/#breadcrumb","itemListElement":[{"@type":"ListItem","position":1,"name":"Home","item":"https:\/\/www.luziania.go.gov.br\/quemamacastra\/"},{"@type":"ListItem","position":2,"name":"inscricao"}]},{"@type":"WebSite","@id":"https:\/\/www.luziania.go.gov.br\/quemamacastra\/#website","url":"https:\/\/www.luziania.go.gov.br\/quemamacastra\/","name":"Quem ama castra","description":"Programa Municipal de Castra\u00e7\u00e3o de C\u00e3es e Gatos","publisher":{"@id":"https:\/\/www.luziania.go.gov.br\/quemamacastra\/#organization"},"potentialAction":[{"@type":"SearchAction","target":{"@type":"EntryPoint","urlTemplate":"https:\/\/www.luziania.go.gov.br\/quemamacastra\/?s={search_term_string}"},"query-input":{"@type":"PropertyValueSpecification","valueRequired":true,"valueName":"search_term_string"}}],"inLanguage":"pt-BR"},{"@type":"Organization","@id":"https:\/\/www.luziania.go.gov.br\/quemamacastra\/#organization","name":"Quem ama castra","url":"https:\/\/www.luziania.go.gov.br\/quemamacastra\/","logo":{"@type":"ImageObject","inLanguage":"pt-BR","@id":"https:\/\/www.luziania.go.gov.br\/quemamacastra\/#\/schema\/logo\/image\/","url":"https:\/\/www.luziania.go.gov.br\/quemamacastra\/wp-content\/uploads\/2024\/03\/cropped-LOGO_Quem_Ama_Site.png","contentUrl":"https:\/\/www.luziania.go.gov.br\/quemamacastra\/wp-content\/uploads\/2024\/03\/cropped-LOGO_Quem_Ama_Site.png","width":352,"height":273,"caption":"Quem ama castra"},"image":{"@id":"https:\/\/www.luziania.go.gov.br\/quemamacastra\/#\/schema\/logo\/image\/"}}]}},"_links":{"self":[{"href":"https:\/\/www.luziania.go.gov.br\/quemamacastra\/wp-json\/wp\/v2\/pages\/104","targetHints":{"allow":["GET"]}}],"collection":[{"href":"https:\/\/www.luziania.go.gov.br\/quemamacastra\/wp-json\/wp\/v2\/pages"}],"about":[{"href":"https:\/\/www.luziania.go.gov.br\/quemamacastra\/wp-json\/wp\/v2\/types\/page"}],"author":[{"embeddable":true,"href":"https:\/\/www.luziania.go.gov.br\/quemamacastra\/wp-json\/wp\/v2\/users\/1"}],"replies":[{"embeddable":true,"href":"https:\/\/www.luziania.go.gov.br\/quemamacastra\/wp-json\/wp\/v2\/comments?post=104"}],"version-history":[{"count":34,"href":"https:\/\/www.luziania.go.gov.br\/quemamacastra\/wp-json\/wp\/v2\/pages\/104\/revisions"}],"predecessor-version":[{"id":26334,"href":"https:\/\/www.luziania.go.gov.br\/quemamacastra\/wp-json\/wp\/v2\/pages\/104\/revisions\/26334"}],"wp:attachment":[{"href":"https:\/\/www.luziania.go.gov.br\/quemamacastra\/wp-json\/wp\/v2\/media?parent=104"}],"curies":[{"name":"wp","href":"https:\/\/api.w.org\/{rel}","templated":true}]}}